{"id":3048,"date":"2024-02-09T13:59:42","date_gmt":"2024-02-09T13:59:42","guid":{"rendered":"https:\/\/www.schoeneben.at\/bezkotoulky\/"},"modified":"2024-03-10T20:07:01","modified_gmt":"2024-03-10T20:07:01","slug":"bezkotoulky","status":"publish","type":"page","link":"https:\/\/www.schoeneben.at\/cs\/bezkotoulky\/","title":{"rendered":"B\u011b\u017ekotoulky Sch\u00f6neben"},"content":{"rendered":"\t\t<div data-elementor-type=\"wp-page\" data-elementor-id=\"3048\" class=\"elementor elementor-3048 elementor-3029\" data-elementor-post-type=\"page\">\n\t\t\t\t\t\t<section class=\"elementor-section elementor-top-section elementor-element elementor-element-61052d96 elementor-section-height-min-height elementor-section-boxed elementor-section-height-default elementor-section-items-middle\" data-id=\"61052d96\" data-element_type=\"section\" data-settings=\"{&quot;background_background&quot;:&quot;classic&quot;}\">\n\t\t\t\t\t\t\t<div class=\"elementor-background-overlay\"><\/div>\n\t\t\t\t\t\t\t<div class=\"elementor-container elementor-column-gap-no\">\n\t\t\t\t\t<div class=\"elementor-column elementor-col-100 elementor-top-column elementor-element elementor-element-3f2194f8\" data-id=\"3f2194f8\" data-element_type=\"column\">\n\t\t\t<div class=\"elementor-widget-wrap elementor-element-populated\">\n\t\t\t\t\t\t<div class=\"elementor-element elementor-element-401cddfe elementor-widget elementor-widget-spacer\" data-id=\"401cddfe\" data-element_type=\"widget\" data-widget_type=\"spacer.default\">\n\t\t\t\t<div class=\"elementor-widget-container\">\n\t\t\t\t\t\t\t<div class=\"elementor-spacer\">\n\t\t\t<div class=\"elementor-spacer-inner\"><\/div>\n\t\t<\/div>\n\t\t\t\t\t\t<\/div>\n\t\t\t\t<\/div>\n\t\t\t\t<div class=\"elementor-element elementor-element-1cf57d86 elementor-widget elementor-widget-heading\" data-id=\"1cf57d86\" data-element_type=\"widget\" data-widget_type=\"heading.default\">\n\t\t\t\t<div class=\"elementor-widget-container\">\n\t\t\t\t\t<div class=\"elementor-heading-title elementor-size-default\">Dovolen\u00e1 na \u0160umav\u011b<\/div>\t\t\t\t<\/div>\n\t\t\t\t<\/div>\n\t\t\t\t<section class=\"elementor-section elementor-inner-section elementor-element elementor-element-2f6c15c3 elementor-section-content-middle elementor-section-boxed elementor-section-height-default elementor-section-height-default\" data-id=\"2f6c15c3\" data-element_type=\"section\">\n\t\t\t\t\t\t<div class=\"elementor-container elementor-column-gap-no\">\n\t\t\t\t\t<div class=\"elementor-column elementor-col-50 elementor-inner-column elementor-element elementor-element-4dbd75e8\" data-id=\"4dbd75e8\" data-element_type=\"column\">\n\t\t\t<div class=\"elementor-widget-wrap elementor-element-populated\">\n\t\t\t\t\t\t<div class=\"elementor-element elementor-element-223f49e6 elementor-widget elementor-widget-heading\" data-id=\"223f49e6\" data-element_type=\"widget\" data-widget_type=\"heading.default\">\n\t\t\t\t<div class=\"elementor-widget-container\">\n\t\t\t\t\t<h1 class=\"elementor-heading-title elementor-size-default\">B\u011b\u017ekotoulky Sch\u00f6neben<\/h1>\t\t\t\t<\/div>\n\t\t\t\t<\/div>\n\t\t\t\t\t<\/div>\n\t\t<\/div>\n\t\t\t\t<div class=\"elementor-column elementor-col-50 elementor-inner-column elementor-element elementor-element-7c4d6223\" data-id=\"7c4d6223\" data-element_type=\"column\">\n\t\t\t<div class=\"elementor-widget-wrap\">\n\t\t\t\t\t\t\t<\/div>\n\t\t<\/div>\n\t\t\t\t\t<\/div>\n\t\t<\/section>\n\t\t\t\t\t<\/div>\n\t\t<\/div>\n\t\t\t\t\t<\/div>\n\t\t<\/section>\n\t\t\t\t<section class=\"elementor-section elementor-top-section elementor-element elementor-element-34af387c elementor-section-boxed elementor-section-height-default elementor-section-height-default\" data-id=\"34af387c\" data-element_type=\"section\">\n\t\t\t\t\t\t<div class=\"elementor-container elementor-column-gap-no\">\n\t\t\t\t\t<div class=\"elementor-column elementor-col-100 elementor-top-column elementor-element elementor-element-424ebaab\" data-id=\"424ebaab\" data-element_type=\"column\">\n\t\t\t<div class=\"elementor-widget-wrap elementor-element-populated\">\n\t\t\t\t\t\t<section class=\"elementor-section elementor-inner-section elementor-element elementor-element-32425e1d elementor-section-boxed elementor-section-height-default elementor-section-height-default\" data-id=\"32425e1d\" data-element_type=\"section\">\n\t\t\t\t\t\t<div class=\"elementor-container elementor-column-gap-no\">\n\t\t\t\t\t<div class=\"elementor-column elementor-col-100 elementor-inner-column elementor-element elementor-element-63a3e9f6 elementor-hidden-mobile\" data-id=\"63a3e9f6\" data-element_type=\"column\">\n\t\t\t<div class=\"elementor-widget-wrap elementor-element-populated\">\n\t\t\t\t\t\t<div class=\"elementor-element elementor-element-19421521 elementor-widget elementor-widget-text-editor\" data-id=\"19421521\" data-element_type=\"widget\" data-widget_type=\"text-editor.default\">\n\t\t\t\t<div class=\"elementor-widget-container\">\n\t\t\t\t\t\t\t\t\t<p>Tento t\u00fdden se spole\u010dn\u011b vyd\u00e1me do Rakouska! <span class=\"x3nfvp2 x1j61x8r x1fcty0u xdj266r xhhsvwb xat24cr xgzva0m xxymvpz xlup9mm x1kky2od\"><img decoding=\"async\" class=\"xz74otr\" src=\"https:\/\/static.xx.fbcdn.net\/images\/emoji.php\/v9\/t22\/2\/16\/1f60e.png\" alt=\"\ud83d\ude0e\" width=\"16\" height=\"16\"><\/span> <br \/>B\u011b\u017ekotoulky ze Sch\u00f6nebenu si nenechte uj\u00edt v sobotu 10. 2. od 08:40 na \u010cT 2 nebo od 09:10 na Dvojke RTVS.<\/p>\n\t\t\t\t\t\t\t\t<\/div>\n\t\t\t\t<\/div>\n\t\t\t\t<div class=\"elementor-element elementor-element-14f915f elementor-widget elementor-widget-video\" data-id=\"14f915f\" data-element_type=\"widget\" data-settings=\"{&quot;youtube_url&quot;:&quot;https:\\\/\\\/youtu.be\\\/4svmGpcNIUs&quot;,&quot;video_type&quot;:&quot;youtube&quot;,&quot;controls&quot;:&quot;yes&quot;}\" data-widget_type=\"video.default\">\n\t\t\t\t<div class=\"elementor-widget-container\">\n\t\t\t\t\t\t\t<div class=\"elementor-wrapper elementor-open-inline\">\n\t\t\t<div class=\"elementor-video\"><\/div>\t\t<\/div>\n\t\t\t\t\t\t<\/div>\n\t\t\t\t<\/div>\n\t\t\t\t<div class=\"elementor-element elementor-element-91fc4de elementor-widget elementor-widget-text-editor\" data-id=\"91fc4de\" data-element_type=\"widget\" data-widget_type=\"text-editor.default\">\n\t\t\t\t<div class=\"elementor-widget-container\">\n\t\t\t\t\t\t\t\t\t<p><a href=\"https:\/\/www.ceskatelevize.cz\/porady\/10401441361-bezkotoulky\/224471292050006\/\" target=\"_blank\" rel=\"noopener\">https:\/\/www.ceskatelevize.cz\/porady\/10401441361-bezkotoulky\/224471292050006\/<\/a><\/p>\n\t\t\t\t\t\t\t\t<\/div>\n\t\t\t\t<\/div>\n\t\t\t\t\t<\/div>\n\t\t<\/div>\n\t\t\t\t\t<\/div>\n\t\t<\/section>\n\t\t\t\t\t<\/div>\n\t\t<\/div>\n\t\t\t\t\t<\/div>\n\t\t<\/section>\n\t\t\t\t<\/div>\n\t\t","protected":false},"excerpt":{"rendered":"<p>Dovolen\u00e1 na \u0160umav\u011b B\u011b\u017ekotoulky Sch\u00f6neben Tento t\u00fdden se spole\u010dn\u011b vyd\u00e1me do Rakouska! B\u011b\u017ekotoulky ze Sch\u00f6nebenu si nenechte uj\u00edt v sobotu 10. 2. od 08:40 na \u010cT 2 nebo od 09:10 na Dvojke RTVS. https:\/\/youtu.be\/4svmGpcNIUs https:\/\/www.ceskatelevize.cz\/porady\/10401441361-bezkotoulky\/224471292050006\/<\/p>\n","protected":false},"author":1,"featured_media":0,"parent":0,"menu_order":0,"comment_status":"closed","ping_status":"closed","template":"elementor_header_footer","meta":{"footnotes":""},"class_list":["post-3048","page","type-page","status-publish","hentry"],"_links":{"self":[{"href":"https:\/\/www.schoeneben.at\/cs\/wp-json\/wp\/v2\/pages\/3048","targetHints":{"allow":["GET"]}}],"collection":[{"href":"https:\/\/www.schoeneben.at\/cs\/wp-json\/wp\/v2\/pages"}],"about":[{"href":"https:\/\/www.schoeneben.at\/cs\/wp-json\/wp\/v2\/types\/page"}],"author":[{"embeddable":true,"href":"https:\/\/www.schoeneben.at\/cs\/wp-json\/wp\/v2\/users\/1"}],"replies":[{"embeddable":true,"href":"https:\/\/www.schoeneben.at\/cs\/wp-json\/wp\/v2\/comments?post=3048"}],"version-history":[{"count":8,"href":"https:\/\/www.schoeneben.at\/cs\/wp-json\/wp\/v2\/pages\/3048\/revisions"}],"predecessor-version":[{"id":3196,"href":"https:\/\/www.schoeneben.at\/cs\/wp-json\/wp\/v2\/pages\/3048\/revisions\/3196"}],"wp:attachment":[{"href":"https:\/\/www.schoeneben.at\/cs\/wp-json\/wp\/v2\/media?parent=3048"}],"curies":[{"name":"wp","href":"https:\/\/api.w.org\/{rel}","templated":true}]}}