{"id":2714,"date":"2023-10-04T14:56:42","date_gmt":"2023-10-04T14:56:42","guid":{"rendered":"https:\/\/www.schoeneben.at\/wellness\/"},"modified":"2025-01-27T09:47:12","modified_gmt":"2025-01-27T09:47:12","slug":"wellness","status":"publish","type":"page","link":"https:\/\/www.schoeneben.at\/cs\/wellness\/","title":{"rendered":"Wellness"},"content":{"rendered":"\t\t<div data-elementor-type=\"wp-page\" data-elementor-id=\"2714\" class=\"elementor elementor-2714 elementor-2649\" data-elementor-post-type=\"page\">\n\t\t\t\t\t\t<section class=\"elementor-section elementor-top-section elementor-element elementor-element-1dd07848 elementor-section-height-min-height elementor-section-boxed elementor-section-height-default elementor-section-items-middle\" data-id=\"1dd07848\" data-element_type=\"section\" data-settings=\"{&quot;background_background&quot;:&quot;classic&quot;}\">\n\t\t\t\t\t\t\t<div class=\"elementor-background-overlay\"><\/div>\n\t\t\t\t\t\t\t<div class=\"elementor-container elementor-column-gap-no\">\n\t\t\t\t\t<div class=\"elementor-column elementor-col-100 elementor-top-column elementor-element elementor-element-192022c3\" data-id=\"192022c3\" data-element_type=\"column\">\n\t\t\t<div class=\"elementor-widget-wrap elementor-element-populated\">\n\t\t\t\t\t\t<div class=\"elementor-element elementor-element-67d0cb04 elementor-widget elementor-widget-spacer\" data-id=\"67d0cb04\" data-element_type=\"widget\" data-widget_type=\"spacer.default\">\n\t\t\t\t<div class=\"elementor-widget-container\">\n\t\t\t\t\t\t\t<div class=\"elementor-spacer\">\n\t\t\t<div class=\"elementor-spacer-inner\"><\/div>\n\t\t<\/div>\n\t\t\t\t\t\t<\/div>\n\t\t\t\t<\/div>\n\t\t\t\t<div class=\"elementor-element elementor-element-13a12a9 elementor-widget elementor-widget-heading\" data-id=\"13a12a9\" data-element_type=\"widget\" data-widget_type=\"heading.default\">\n\t\t\t\t<div class=\"elementor-widget-container\">\n\t\t\t\t\t<div class=\"elementor-heading-title elementor-size-default\">Dovolen\u00e1 na \u0160umav\u011b<\/div>\t\t\t\t<\/div>\n\t\t\t\t<\/div>\n\t\t\t\t<section class=\"elementor-section elementor-inner-section elementor-element elementor-element-454fb54f elementor-section-content-middle elementor-section-boxed elementor-section-height-default elementor-section-height-default\" data-id=\"454fb54f\" data-element_type=\"section\">\n\t\t\t\t\t\t<div class=\"elementor-container elementor-column-gap-no\">\n\t\t\t\t\t<div class=\"elementor-column elementor-col-50 elementor-inner-column elementor-element elementor-element-2e978613\" data-id=\"2e978613\" data-element_type=\"column\">\n\t\t\t<div class=\"elementor-widget-wrap elementor-element-populated\">\n\t\t\t\t\t\t<div class=\"elementor-element elementor-element-719577fc elementor-widget elementor-widget-heading\" data-id=\"719577fc\" data-element_type=\"widget\" data-widget_type=\"heading.default\">\n\t\t\t\t<div class=\"elementor-widget-container\">\n\t\t\t\t\t<h1 class=\"elementor-heading-title elementor-size-default\">Wellness<\/h1>\t\t\t\t<\/div>\n\t\t\t\t<\/div>\n\t\t\t\t\t<\/div>\n\t\t<\/div>\n\t\t\t\t<div class=\"elementor-column elementor-col-50 elementor-inner-column elementor-element elementor-element-20c9a37\" data-id=\"20c9a37\" data-element_type=\"column\">\n\t\t\t<div class=\"elementor-widget-wrap\">\n\t\t\t\t\t\t\t<\/div>\n\t\t<\/div>\n\t\t\t\t\t<\/div>\n\t\t<\/section>\n\t\t\t\t\t<\/div>\n\t\t<\/div>\n\t\t\t\t\t<\/div>\n\t\t<\/section>\n\t\t\t\t<section class=\"elementor-section elementor-top-section elementor-element elementor-element-6c4376e2 elementor-section-boxed elementor-section-height-default elementor-section-height-default\" data-id=\"6c4376e2\" data-element_type=\"section\">\n\t\t\t\t\t\t<div class=\"elementor-container elementor-column-gap-no\">\n\t\t\t\t\t<div class=\"elementor-column elementor-col-33 elementor-top-column elementor-element elementor-element-1a90897d\" data-id=\"1a90897d\" data-element_type=\"column\">\n\t\t\t<div class=\"elementor-widget-wrap elementor-element-populated\">\n\t\t\t\t\t\t<div class=\"elementor-element elementor-element-184a6cc8 elementor-widget elementor-widget-heading\" data-id=\"184a6cc8\" data-element_type=\"widget\" data-widget_type=\"heading.default\">\n\t\t\t\t<div class=\"elementor-widget-container\">\n\t\t\t\t\t<h2 class=\"elementor-heading-title elementor-size-default\">Wellness ve \u010dty\u0159hv\u011bzdi\u010dkov\u00e9m hotelu INNs HOLZ<\/h2>\t\t\t\t<\/div>\n\t\t\t\t<\/div>\n\t\t\t\t<div class=\"elementor-element elementor-element-e7c332e elementor-widget elementor-widget-text-editor\" data-id=\"e7c332e\" data-element_type=\"widget\" data-widget_type=\"text-editor.default\">\n\t\t\t\t<div class=\"elementor-widget-container\">\n\t\t\t\t\t\t\t\t\t<p>P\u0159ij\u010fte si odpo\u010dinout do p\u0159ekr\u00e1sn\u00e9ho Wellnes centra <strong>\u010dty\u0159hv\u011bzdi\u010dkov\u00e9ho hotelu INNs HOLZ<\/strong>, vzd\u00e1len\u00e9ho od na\u0161ich <a href=\"https:\/\/www.schoeneben.at\/cs\/\">Sch\u00f6neben apartm\u00e1n\u016f<\/a> pouh\u00fdch 100 m. Za <strong>12 EUR\/osoba<\/strong> zde m\u016f\u017eete <strong>od 17 hodin<\/strong> vyu\u017e\u00edt baz\u00e9n s mas\u00e1\u017en\u00edmi tryskami nebo relaxovat v saunov\u00e9m sv\u011bt\u011b s v\u00fdhledem na okoln\u00ed p\u0159\u00edrodu. Jsou zde p\u0159ipraven\u00e9 vyh\u0159\u00edvan\u00e9 vodn\u00ed postele a pro sportovce i mal\u00e9 fitness centrum.<\/p><h3>Je tedy jen na V\u00e1s zda si chcete jen zaj\u00edt do sauny nebo zkusit v\u0161e co Wellnes nab\u00edz\u00ed. Tato o\u00e1za klidu je to nejlep\u0161\u00ed pro dokonal\u00fd relax.<\/h3>\t\t\t\t\t\t\t\t<\/div>\n\t\t\t\t<\/div>\n\t\t\t\t\t<\/div>\n\t\t<\/div>\n\t\t\t\t<div class=\"elementor-column elementor-col-66 elementor-top-column elementor-element elementor-element-9e47a22\" data-id=\"9e47a22\" data-element_type=\"column\">\n\t\t\t<div class=\"elementor-widget-wrap elementor-element-populated\">\n\t\t\t\t\t\t<div class=\"elementor-element elementor-element-64e0f52 elementor-widget elementor-widget-gallery\" data-id=\"64e0f52\" data-element_type=\"widget\" data-settings=\"{&quot;gallery_layout&quot;:&quot;masonry&quot;,&quot;columns&quot;:3,&quot;columns_mobile&quot;:2,&quot;gap_mobile&quot;:{&quot;unit&quot;:&quot;px&quot;,&quot;size&quot;:6,&quot;sizes&quot;:[]},&quot;lazyload&quot;:&quot;yes&quot;,&quot;columns_tablet&quot;:2,&quot;gap&quot;:{&quot;unit&quot;:&quot;px&quot;,&quot;size&quot;:10,&quot;sizes&quot;:[]},&quot;gap_tablet&quot;:{&quot;unit&quot;:&quot;px&quot;,&quot;size&quot;:10,&quot;sizes&quot;:[]},&quot;link_to&quot;:&quot;file&quot;,&quot;overlay_background&quot;:&quot;yes&quot;,&quot;content_hover_animation&quot;:&quot;fade-in&quot;}\" data-widget_type=\"gallery.default\">\n\t\t\t\t<div class=\"elementor-widget-container\">\n\t\t\t\t\t\t\t<div class=\"elementor-gallery__container\">\n\t\t\t\t\t\t\t<a class=\"e-gallery-item elementor-gallery-item elementor-animated-content\" href=\"https:\/\/www.schoeneben.at\/wp-content\/uploads\/2023\/10\/wellness-shoneben-01.jpg\" data-elementor-open-lightbox=\"yes\" data-elementor-lightbox-slideshow=\"64e0f52\" data-elementor-lightbox-title=\"wellness-shoneben-01\" data-e-action-hash=\"#elementor-action%3Aaction%3Dlightbox%26settings%3DeyJpZCI6MjY4MCwidXJsIjoiaHR0cHM6XC9cL3d3dy5zY2hvZW5lYmVuLmF0XC93cC1jb250ZW50XC91cGxvYWRzXC8yMDIzXC8xMFwvd2VsbG5lc3Mtc2hvbmViZW4tMDEuanBnIiwic2xpZGVzaG93IjoiNjRlMGY1MiJ9\">\n\t\t\t\t\t<div class=\"e-gallery-image elementor-gallery-item__image\" data-thumbnail=\"https:\/\/www.schoeneben.at\/wp-content\/uploads\/2023\/10\/wellness-shoneben-01-300x200.jpg\" data-width=\"300\" data-height=\"200\" aria-label=\"\" role=\"img\" ><\/div>\n\t\t\t\t\t\t\t\t\t\t\t<div class=\"elementor-gallery-item__overlay\"><\/div>\n\t\t\t\t\t\t\t\t\t\t\t\t\t\t<\/a>\n\t\t\t\t\t\t\t<a class=\"e-gallery-item elementor-gallery-item elementor-animated-content\" href=\"https:\/\/www.schoeneben.at\/wp-content\/uploads\/2023\/10\/wellness-shoneben-02.jpg\" data-elementor-open-lightbox=\"yes\" data-elementor-lightbox-slideshow=\"64e0f52\" data-elementor-lightbox-title=\"wellness-shoneben-02\" data-e-action-hash=\"#elementor-action%3Aaction%3Dlightbox%26settings%3DeyJpZCI6MjY4MiwidXJsIjoiaHR0cHM6XC9cL3d3dy5zY2hvZW5lYmVuLmF0XC93cC1jb250ZW50XC91cGxvYWRzXC8yMDIzXC8xMFwvd2VsbG5lc3Mtc2hvbmViZW4tMDIuanBnIiwic2xpZGVzaG93IjoiNjRlMGY1MiJ9\">\n\t\t\t\t\t<div class=\"e-gallery-image elementor-gallery-item__image\" data-thumbnail=\"https:\/\/www.schoeneben.at\/wp-content\/uploads\/2023\/10\/wellness-shoneben-02-240x300.jpg\" data-width=\"240\" data-height=\"300\" aria-label=\"\" role=\"img\" ><\/div>\n\t\t\t\t\t\t\t\t\t\t\t<div class=\"elementor-gallery-item__overlay\"><\/div>\n\t\t\t\t\t\t\t\t\t\t\t\t\t\t<\/a>\n\t\t\t\t\t\t\t<a class=\"e-gallery-item elementor-gallery-item elementor-animated-content\" href=\"https:\/\/www.schoeneben.at\/wp-content\/uploads\/2023\/10\/wellness-shoneben-03.jpg\" data-elementor-open-lightbox=\"yes\" data-elementor-lightbox-slideshow=\"64e0f52\" data-elementor-lightbox-title=\"wellness-shoneben-03\" data-e-action-hash=\"#elementor-action%3Aaction%3Dlightbox%26settings%3DeyJpZCI6MjY4NCwidXJsIjoiaHR0cHM6XC9cL3d3dy5zY2hvZW5lYmVuLmF0XC93cC1jb250ZW50XC91cGxvYWRzXC8yMDIzXC8xMFwvd2VsbG5lc3Mtc2hvbmViZW4tMDMuanBnIiwic2xpZGVzaG93IjoiNjRlMGY1MiJ9\">\n\t\t\t\t\t<div class=\"e-gallery-image elementor-gallery-item__image\" data-thumbnail=\"https:\/\/www.schoeneben.at\/wp-content\/uploads\/2023\/10\/wellness-shoneben-03-300x200.jpg\" data-width=\"300\" data-height=\"200\" aria-label=\"\" role=\"img\" ><\/div>\n\t\t\t\t\t\t\t\t\t\t\t<div class=\"elementor-gallery-item__overlay\"><\/div>\n\t\t\t\t\t\t\t\t\t\t\t\t\t\t<\/a>\n\t\t\t\t\t\t\t<a class=\"e-gallery-item elementor-gallery-item elementor-animated-content\" href=\"https:\/\/www.schoeneben.at\/wp-content\/uploads\/2023\/10\/wellness-shoneben-04.jpg\" data-elementor-open-lightbox=\"yes\" data-elementor-lightbox-slideshow=\"64e0f52\" data-elementor-lightbox-title=\"wellness-shoneben-04\" data-e-action-hash=\"#elementor-action%3Aaction%3Dlightbox%26settings%3DeyJpZCI6MjY4NiwidXJsIjoiaHR0cHM6XC9cL3d3dy5zY2hvZW5lYmVuLmF0XC93cC1jb250ZW50XC91cGxvYWRzXC8yMDIzXC8xMFwvd2VsbG5lc3Mtc2hvbmViZW4tMDQuanBnIiwic2xpZGVzaG93IjoiNjRlMGY1MiJ9\">\n\t\t\t\t\t<div class=\"e-gallery-image elementor-gallery-item__image\" data-thumbnail=\"https:\/\/www.schoeneben.at\/wp-content\/uploads\/2023\/10\/wellness-shoneben-04-300x220.jpg\" data-width=\"300\" data-height=\"220\" aria-label=\"\" role=\"img\" ><\/div>\n\t\t\t\t\t\t\t\t\t\t\t<div class=\"elementor-gallery-item__overlay\"><\/div>\n\t\t\t\t\t\t\t\t\t\t\t\t\t\t<\/a>\n\t\t\t\t\t\t\t<a class=\"e-gallery-item elementor-gallery-item elementor-animated-content\" href=\"https:\/\/www.schoeneben.at\/wp-content\/uploads\/2023\/10\/wellness-shoneben-05.jpg\" data-elementor-open-lightbox=\"yes\" data-elementor-lightbox-slideshow=\"64e0f52\" data-elementor-lightbox-title=\"wellness-shoneben-05\" data-e-action-hash=\"#elementor-action%3Aaction%3Dlightbox%26settings%3DeyJpZCI6MjY4OCwidXJsIjoiaHR0cHM6XC9cL3d3dy5zY2hvZW5lYmVuLmF0XC93cC1jb250ZW50XC91cGxvYWRzXC8yMDIzXC8xMFwvd2VsbG5lc3Mtc2hvbmViZW4tMDUuanBnIiwic2xpZGVzaG93IjoiNjRlMGY1MiJ9\">\n\t\t\t\t\t<div class=\"e-gallery-image elementor-gallery-item__image\" data-thumbnail=\"https:\/\/www.schoeneben.at\/wp-content\/uploads\/2023\/10\/wellness-shoneben-05-300x200.jpg\" data-width=\"300\" data-height=\"200\" aria-label=\"\" role=\"img\" ><\/div>\n\t\t\t\t\t\t\t\t\t\t\t<div class=\"elementor-gallery-item__overlay\"><\/div>\n\t\t\t\t\t\t\t\t\t\t\t\t\t\t<\/a>\n\t\t\t\t\t\t\t<a class=\"e-gallery-item elementor-gallery-item elementor-animated-content\" href=\"https:\/\/www.schoeneben.at\/wp-content\/uploads\/2023\/10\/wellness-shoneben-06.jpg\" data-elementor-open-lightbox=\"yes\" data-elementor-lightbox-slideshow=\"64e0f52\" data-elementor-lightbox-title=\"wellness-shoneben-06\" data-e-action-hash=\"#elementor-action%3Aaction%3Dlightbox%26settings%3DeyJpZCI6MjY5MCwidXJsIjoiaHR0cHM6XC9cL3d3dy5zY2hvZW5lYmVuLmF0XC93cC1jb250ZW50XC91cGxvYWRzXC8yMDIzXC8xMFwvd2VsbG5lc3Mtc2hvbmViZW4tMDYuanBnIiwic2xpZGVzaG93IjoiNjRlMGY1MiJ9\">\n\t\t\t\t\t<div class=\"e-gallery-image elementor-gallery-item__image\" data-thumbnail=\"https:\/\/www.schoeneben.at\/wp-content\/uploads\/2023\/10\/wellness-shoneben-06-240x300.jpg\" data-width=\"240\" data-height=\"300\" aria-label=\"\" role=\"img\" ><\/div>\n\t\t\t\t\t\t\t\t\t\t\t<div class=\"elementor-gallery-item__overlay\"><\/div>\n\t\t\t\t\t\t\t\t\t\t\t\t\t\t<\/a>\n\t\t\t\t\t\t\t<a class=\"e-gallery-item elementor-gallery-item elementor-animated-content\" href=\"https:\/\/www.schoeneben.at\/wp-content\/uploads\/2023\/10\/wellness-shoneben-09.jpg\" data-elementor-open-lightbox=\"yes\" data-elementor-lightbox-slideshow=\"64e0f52\" data-elementor-lightbox-title=\"wellness-shoneben-09\" data-e-action-hash=\"#elementor-action%3Aaction%3Dlightbox%26settings%3DeyJpZCI6MjY5MiwidXJsIjoiaHR0cHM6XC9cL3d3dy5zY2hvZW5lYmVuLmF0XC93cC1jb250ZW50XC91cGxvYWRzXC8yMDIzXC8xMFwvd2VsbG5lc3Mtc2hvbmViZW4tMDkuanBnIiwic2xpZGVzaG93IjoiNjRlMGY1MiJ9\">\n\t\t\t\t\t<div class=\"e-gallery-image elementor-gallery-item__image\" data-thumbnail=\"https:\/\/www.schoeneben.at\/wp-content\/uploads\/2023\/10\/wellness-shoneben-09-300x200.jpg\" data-width=\"300\" data-height=\"200\" aria-label=\"\" role=\"img\" ><\/div>\n\t\t\t\t\t\t\t\t\t\t\t<div class=\"elementor-gallery-item__overlay\"><\/div>\n\t\t\t\t\t\t\t\t\t\t\t\t\t\t<\/a>\n\t\t\t\t\t\t\t<a class=\"e-gallery-item elementor-gallery-item elementor-animated-content\" href=\"https:\/\/www.schoeneben.at\/wp-content\/uploads\/2023\/10\/wellness-shoneben-10.jpg\" data-elementor-open-lightbox=\"yes\" data-elementor-lightbox-slideshow=\"64e0f52\" data-elementor-lightbox-title=\"wellness-shoneben-10\" data-e-action-hash=\"#elementor-action%3Aaction%3Dlightbox%26settings%3DeyJpZCI6MjY5NCwidXJsIjoiaHR0cHM6XC9cL3d3dy5zY2hvZW5lYmVuLmF0XC93cC1jb250ZW50XC91cGxvYWRzXC8yMDIzXC8xMFwvd2VsbG5lc3Mtc2hvbmViZW4tMTAuanBnIiwic2xpZGVzaG93IjoiNjRlMGY1MiJ9\">\n\t\t\t\t\t<div class=\"e-gallery-image elementor-gallery-item__image\" data-thumbnail=\"https:\/\/www.schoeneben.at\/wp-content\/uploads\/2023\/10\/wellness-shoneben-10-240x300.jpg\" data-width=\"240\" data-height=\"300\" aria-label=\"\" role=\"img\" ><\/div>\n\t\t\t\t\t\t\t\t\t\t\t<div class=\"elementor-gallery-item__overlay\"><\/div>\n\t\t\t\t\t\t\t\t\t\t\t\t\t\t<\/a>\n\t\t\t\t\t\t\t<a class=\"e-gallery-item elementor-gallery-item elementor-animated-content\" href=\"https:\/\/www.schoeneben.at\/wp-content\/uploads\/2023\/10\/wellness-shoneben-11.jpg\" data-elementor-open-lightbox=\"yes\" data-elementor-lightbox-slideshow=\"64e0f52\" data-elementor-lightbox-title=\"wellness-shoneben-11\" data-e-action-hash=\"#elementor-action%3Aaction%3Dlightbox%26settings%3DeyJpZCI6MjY5NiwidXJsIjoiaHR0cHM6XC9cL3d3dy5zY2hvZW5lYmVuLmF0XC93cC1jb250ZW50XC91cGxvYWRzXC8yMDIzXC8xMFwvd2VsbG5lc3Mtc2hvbmViZW4tMTEuanBnIiwic2xpZGVzaG93IjoiNjRlMGY1MiJ9\">\n\t\t\t\t\t<div class=\"e-gallery-image elementor-gallery-item__image\" data-thumbnail=\"https:\/\/www.schoeneben.at\/wp-content\/uploads\/2023\/10\/wellness-shoneben-11-240x300.jpg\" data-width=\"240\" data-height=\"300\" aria-label=\"\" role=\"img\" ><\/div>\n\t\t\t\t\t\t\t\t\t\t\t<div class=\"elementor-gallery-item__overlay\"><\/div>\n\t\t\t\t\t\t\t\t\t\t\t\t\t\t<\/a>\n\t\t\t\t\t\t\t<a class=\"e-gallery-item elementor-gallery-item elementor-animated-content\" href=\"https:\/\/www.schoeneben.at\/wp-content\/uploads\/2023\/10\/wellness-shoneben-12.jpg\" data-elementor-open-lightbox=\"yes\" data-elementor-lightbox-slideshow=\"64e0f52\" data-elementor-lightbox-title=\"wellness-shoneben-12\" data-e-action-hash=\"#elementor-action%3Aaction%3Dlightbox%26settings%3DeyJpZCI6MjY5OCwidXJsIjoiaHR0cHM6XC9cL3d3dy5zY2hvZW5lYmVuLmF0XC93cC1jb250ZW50XC91cGxvYWRzXC8yMDIzXC8xMFwvd2VsbG5lc3Mtc2hvbmViZW4tMTIuanBnIiwic2xpZGVzaG93IjoiNjRlMGY1MiJ9\">\n\t\t\t\t\t<div class=\"e-gallery-image elementor-gallery-item__image\" data-thumbnail=\"https:\/\/www.schoeneben.at\/wp-content\/uploads\/2023\/10\/wellness-shoneben-12-300x200.jpg\" data-width=\"300\" data-height=\"200\" aria-label=\"\" role=\"img\" ><\/div>\n\t\t\t\t\t\t\t\t\t\t\t<div class=\"elementor-gallery-item__overlay\"><\/div>\n\t\t\t\t\t\t\t\t\t\t\t\t\t\t<\/a>\n\t\t\t\t\t\t\t<a class=\"e-gallery-item elementor-gallery-item elementor-animated-content\" href=\"https:\/\/www.schoeneben.at\/wp-content\/uploads\/2023\/10\/wellness-shoneben-13.jpg\" data-elementor-open-lightbox=\"yes\" data-elementor-lightbox-slideshow=\"64e0f52\" data-elementor-lightbox-title=\"wellness-shoneben-13\" data-e-action-hash=\"#elementor-action%3Aaction%3Dlightbox%26settings%3DeyJpZCI6MjcwMCwidXJsIjoiaHR0cHM6XC9cL3d3dy5zY2hvZW5lYmVuLmF0XC93cC1jb250ZW50XC91cGxvYWRzXC8yMDIzXC8xMFwvd2VsbG5lc3Mtc2hvbmViZW4tMTMuanBnIiwic2xpZGVzaG93IjoiNjRlMGY1MiJ9\">\n\t\t\t\t\t<div class=\"e-gallery-image elementor-gallery-item__image\" data-thumbnail=\"https:\/\/www.schoeneben.at\/wp-content\/uploads\/2023\/10\/wellness-shoneben-13-300x200.jpg\" data-width=\"300\" data-height=\"200\" aria-label=\"\" role=\"img\" ><\/div>\n\t\t\t\t\t\t\t\t\t\t\t<div class=\"elementor-gallery-item__overlay\"><\/div>\n\t\t\t\t\t\t\t\t\t\t\t\t\t\t<\/a>\n\t\t\t\t\t<\/div>\n\t\t\t\t\t<\/div>\n\t\t\t\t<\/div>\n\t\t\t\t\t<\/div>\n\t\t<\/div>\n\t\t\t\t\t<\/div>\n\t\t<\/section>\n\t\t\t\t<section class=\"elementor-section elementor-top-section elementor-element elementor-element-4e69089 elementor-section-boxed elementor-section-height-default elementor-section-height-default\" data-id=\"4e69089\" data-element_type=\"section\">\n\t\t\t\t\t\t<div class=\"elementor-container elementor-column-gap-default\">\n\t\t\t\t\t<div class=\"elementor-column elementor-col-25 elementor-top-column elementor-element elementor-element-5d7cc65\" data-id=\"5d7cc65\" data-element_type=\"column\">\n\t\t\t<div class=\"elementor-widget-wrap\">\n\t\t\t\t\t\t\t<\/div>\n\t\t<\/div>\n\t\t\t\t<div class=\"elementor-column elementor-col-25 elementor-top-column elementor-element elementor-element-efb749f\" data-id=\"efb749f\" data-element_type=\"column\">\n\t\t\t<div class=\"elementor-widget-wrap elementor-element-populated\">\n\t\t\t\t\t\t<section class=\"elementor-section elementor-inner-section elementor-element elementor-element-8199a26 elementor-section-boxed elementor-section-height-default elementor-section-height-default\" data-id=\"8199a26\" data-element_type=\"section\">\n\t\t\t\t\t\t<div class=\"elementor-container elementor-column-gap-default\">\n\t\t\t\t\t<div class=\"elementor-column elementor-col-100 elementor-inner-column elementor-element elementor-element-1f77f8e\" data-id=\"1f77f8e\" data-element_type=\"column\" data-settings=\"{&quot;background_background&quot;:&quot;classic&quot;}\">\n\t\t\t<div class=\"elementor-widget-wrap elementor-element-populated\">\n\t\t\t\t\t\t<div class=\"elementor-element elementor-element-19acc70 elementor-align-center elementor-widget elementor-widget-button\" data-id=\"19acc70\" data-element_type=\"widget\" data-widget_type=\"button.default\">\n\t\t\t\t<div class=\"elementor-widget-container\">\n\t\t\t\t\t\t\t\t\t<div class=\"elementor-button-wrapper\">\n\t\t\t\t\t<a class=\"elementor-button elementor-button-link elementor-size-sm\" href=\"https:\/\/www.schoeneben.at\/cs\/rekreacni-apartman\/\">\n\t\t\t\t\t\t<span class=\"elementor-button-content-wrapper\">\n\t\t\t\t\t\t\t\t\t<span class=\"elementor-button-text\">Apartm\u00e1ny<\/span>\n\t\t\t\t\t<\/span>\n\t\t\t\t\t<\/a>\n\t\t\t\t<\/div>\n\t\t\t\t\t\t\t\t<\/div>\n\t\t\t\t<\/div>\n\t\t\t\t\t<\/div>\n\t\t<\/div>\n\t\t\t\t\t<\/div>\n\t\t<\/section>\n\t\t\t\t\t<\/div>\n\t\t<\/div>\n\t\t\t\t<div class=\"elementor-column elementor-col-25 elementor-top-column elementor-element elementor-element-958e332\" data-id=\"958e332\" data-element_type=\"column\">\n\t\t\t<div class=\"elementor-widget-wrap elementor-element-populated\">\n\t\t\t\t\t\t<section class=\"elementor-section elementor-inner-section elementor-element elementor-element-9f73ee2 elementor-section-boxed elementor-section-height-default elementor-section-height-default\" data-id=\"9f73ee2\" data-element_type=\"section\">\n\t\t\t\t\t\t<div class=\"elementor-container elementor-column-gap-default\">\n\t\t\t\t\t<div class=\"elementor-column elementor-col-100 elementor-inner-column elementor-element elementor-element-2eea604\" data-id=\"2eea604\" data-element_type=\"column\" data-settings=\"{&quot;background_background&quot;:&quot;classic&quot;}\">\n\t\t\t<div class=\"elementor-widget-wrap elementor-element-populated\">\n\t\t\t\t\t\t<div class=\"elementor-element elementor-element-cfa5d4f elementor-align-center elementor-widget elementor-widget-button\" data-id=\"cfa5d4f\" data-element_type=\"widget\" data-widget_type=\"button.default\">\n\t\t\t\t<div class=\"elementor-widget-container\">\n\t\t\t\t\t\t\t\t\t<div class=\"elementor-button-wrapper\">\n\t\t\t\t\t<a class=\"elementor-button elementor-button-link elementor-size-sm\" href=\"https:\/\/www.schoeneben.at\/cs\/bezky-schoeneben\/\">\n\t\t\t\t\t\t<span class=\"elementor-button-content-wrapper\">\n\t\t\t\t\t\t\t\t\t<span class=\"elementor-button-text\">B\u011b\u017eky<\/span>\n\t\t\t\t\t<\/span>\n\t\t\t\t\t<\/a>\n\t\t\t\t<\/div>\n\t\t\t\t\t\t\t\t<\/div>\n\t\t\t\t<\/div>\n\t\t\t\t\t<\/div>\n\t\t<\/div>\n\t\t\t\t\t<\/div>\n\t\t<\/section>\n\t\t\t\t\t<\/div>\n\t\t<\/div>\n\t\t\t\t<div class=\"elementor-column elementor-col-25 elementor-top-column elementor-element elementor-element-977dcce\" data-id=\"977dcce\" data-element_type=\"column\">\n\t\t\t<div class=\"elementor-widget-wrap\">\n\t\t\t\t\t\t\t<\/div>\n\t\t<\/div>\n\t\t\t\t\t<\/div>\n\t\t<\/section>\n\t\t\t\t<\/div>\n\t\t","protected":false},"excerpt":{"rendered":"<p>Dovolen\u00e1 na \u0160umav\u011b Wellness Wellness ve \u010dty\u0159hv\u011bzdi\u010dkov\u00e9m hotelu INNs HOLZ P\u0159ij\u010fte si odpo\u010dinout do p\u0159ekr\u00e1sn\u00e9ho Wellnes centra \u010dty\u0159hv\u011bzdi\u010dkov\u00e9ho hotelu INNs HOLZ, vzd\u00e1len\u00e9ho od na\u0161ich Sch\u00f6neben apartm\u00e1n\u016f pouh\u00fdch 100 m. Za 12 EUR\/osoba zde m\u016f\u017eete od 17 hodin vyu\u017e\u00edt baz\u00e9n s mas\u00e1\u017en\u00edmi tryskami nebo relaxovat v saunov\u00e9m sv\u011bt\u011b s v\u00fdhledem na okoln\u00ed p\u0159\u00edrodu. Jsou zde p\u0159ipraven\u00e9 [&hellip;]<\/p>\n","protected":false},"author":1,"featured_media":2676,"parent":0,"menu_order":0,"comment_status":"closed","ping_status":"closed","template":"elementor_header_footer","meta":{"footnotes":""},"class_list":["post-2714","page","type-page","status-publish","has-post-thumbnail","hentry"],"_links":{"self":[{"href":"https:\/\/www.schoeneben.at\/cs\/wp-json\/wp\/v2\/pages\/2714","targetHints":{"allow":["GET"]}}],"collection":[{"href":"https:\/\/www.schoeneben.at\/cs\/wp-json\/wp\/v2\/pages"}],"about":[{"href":"https:\/\/www.schoeneben.at\/cs\/wp-json\/wp\/v2\/types\/page"}],"author":[{"embeddable":true,"href":"https:\/\/www.schoeneben.at\/cs\/wp-json\/wp\/v2\/users\/1"}],"replies":[{"embeddable":true,"href":"https:\/\/www.schoeneben.at\/cs\/wp-json\/wp\/v2\/comments?post=2714"}],"version-history":[{"count":9,"href":"https:\/\/www.schoeneben.at\/cs\/wp-json\/wp\/v2\/pages\/2714\/revisions"}],"predecessor-version":[{"id":3798,"href":"https:\/\/www.schoeneben.at\/cs\/wp-json\/wp\/v2\/pages\/2714\/revisions\/3798"}],"wp:featuredmedia":[{"embeddable":true,"href":"https:\/\/www.schoeneben.at\/cs\/wp-json\/wp\/v2\/media\/2676"}],"wp:attachment":[{"href":"https:\/\/www.schoeneben.at\/cs\/wp-json\/wp\/v2\/media?parent=2714"}],"curies":[{"name":"wp","href":"https:\/\/api.w.org\/{rel}","templated":true}]}}