{"id":1303,"date":"2023-05-13T22:34:56","date_gmt":"2023-05-13T22:34:56","guid":{"rendered":"https:\/\/www.schoeneben.at\/letni-dovolena-na-sumave-aparmany-schoeneben\/"},"modified":"2024-03-10T19:42:32","modified_gmt":"2024-03-10T19:42:32","slug":"letni-dovolena-na-sumave-aparmany-schoeneben","status":"publish","type":"page","link":"https:\/\/www.schoeneben.at\/cs\/letni-dovolena-na-sumave-aparmany-schoeneben\/","title":{"rendered":"Letn\u00ed dovolen\u00e1 na \u0160umav\u011b"},"content":{"rendered":"\t\t<div data-elementor-type=\"wp-page\" data-elementor-id=\"1303\" class=\"elementor elementor-1303 elementor-819\" data-elementor-post-type=\"page\">\n\t\t\t\t\t\t<section class=\"elementor-section elementor-top-section elementor-element elementor-element-5c664d02 elementor-section-height-min-height elementor-section-boxed elementor-section-height-default elementor-section-items-middle\" data-id=\"5c664d02\" data-element_type=\"section\" data-settings=\"{&quot;background_background&quot;:&quot;classic&quot;}\">\n\t\t\t\t\t\t\t<div class=\"elementor-background-overlay\"><\/div>\n\t\t\t\t\t\t\t<div class=\"elementor-container elementor-column-gap-no\">\n\t\t\t\t\t<div class=\"elementor-column elementor-col-100 elementor-top-column elementor-element elementor-element-ea86985\" data-id=\"ea86985\" data-element_type=\"column\">\n\t\t\t<div class=\"elementor-widget-wrap elementor-element-populated\">\n\t\t\t\t\t\t<div class=\"elementor-element elementor-element-51bd54 elementor-widget elementor-widget-spacer\" data-id=\"51bd54\" data-element_type=\"widget\" data-widget_type=\"spacer.default\">\n\t\t\t\t<div class=\"elementor-widget-container\">\n\t\t\t\t\t\t\t<div class=\"elementor-spacer\">\n\t\t\t<div class=\"elementor-spacer-inner\"><\/div>\n\t\t<\/div>\n\t\t\t\t\t\t<\/div>\n\t\t\t\t<\/div>\n\t\t\t\t<section class=\"elementor-section elementor-inner-section elementor-element elementor-element-246749d4 elementor-section-content-middle elementor-section-boxed elementor-section-height-default elementor-section-height-default\" data-id=\"246749d4\" data-element_type=\"section\">\n\t\t\t\t\t\t<div class=\"elementor-container elementor-column-gap-no\">\n\t\t\t\t\t<div class=\"elementor-column elementor-col-100 elementor-inner-column elementor-element elementor-element-62fc97c4\" data-id=\"62fc97c4\" data-element_type=\"column\">\n\t\t\t<div class=\"elementor-widget-wrap elementor-element-populated\">\n\t\t\t\t\t\t\t<\/div>\n\t\t<\/div>\n\t\t\t\t\t<\/div>\n\t\t<\/section>\n\t\t\t\t\t<\/div>\n\t\t<\/div>\n\t\t\t\t\t<\/div>\n\t\t<\/section>\n\t\t\t\t<section class=\"elementor-section elementor-top-section elementor-element elementor-element-6090b4b9 elementor-section-boxed elementor-section-height-default elementor-section-height-default\" data-id=\"6090b4b9\" data-element_type=\"section\">\n\t\t\t\t\t\t<div class=\"elementor-container elementor-column-gap-no\">\n\t\t\t\t\t<div class=\"elementor-column elementor-col-100 elementor-top-column elementor-element elementor-element-6073d1e5\" data-id=\"6073d1e5\" data-element_type=\"column\">\n\t\t\t<div class=\"elementor-widget-wrap elementor-element-populated\">\n\t\t\t\t\t\t<section class=\"elementor-section elementor-inner-section elementor-element elementor-element-386f0e63 elementor-section-boxed elementor-section-height-default elementor-section-height-default\" data-id=\"386f0e63\" data-element_type=\"section\">\n\t\t\t\t\t\t<div class=\"elementor-container elementor-column-gap-no\">\n\t\t\t\t\t<div class=\"elementor-column elementor-col-66 elementor-inner-column elementor-element elementor-element-2ede0a7e\" data-id=\"2ede0a7e\" data-element_type=\"column\">\n\t\t\t<div class=\"elementor-widget-wrap elementor-element-populated\">\n\t\t\t\t\t\t<div class=\"elementor-element elementor-element-43c973a elementor-widget elementor-widget-heading\" data-id=\"43c973a\" data-element_type=\"widget\" data-widget_type=\"heading.default\">\n\t\t\t\t<div class=\"elementor-widget-container\">\n\t\t\t\t\t<h2 class=\"elementor-heading-title elementor-size-default\">U\u017eijte si Ap\u00e1rm\u00e1ny na \u0160umav\u011b<\/h2>\t\t\t\t<\/div>\n\t\t\t\t<\/div>\n\t\t\t\t<div class=\"elementor-element elementor-element-f6b0bbd elementor-widget elementor-widget-text-editor\" data-id=\"f6b0bbd\" data-element_type=\"widget\" data-widget_type=\"text-editor.default\">\n\t\t\t\t<div class=\"elementor-widget-container\">\n\t\t\t\t\t\t\t\t\t\n<p>Letn\u00ed <strong>dovolen\u00e1 na \u0160umav\u011b<\/strong> je nezapomenuteln\u00fdm z\u00e1\u017eitkem, kter\u00fd v\u00e1s vt\u00e1hne do dechberouc\u00ed kr\u00e1sy p\u0159\u00edrody. Region nab\u00edz\u00ed \u0159adu aktivit a pam\u00e1tek, d\u00edky nim\u017e je ka\u017ed\u00fd den nov\u00fdm dobrodru\u017estv\u00edm. Co v\u0161ak d\u011bl\u00e1 v\u00e1\u0161 pobyt na \u0160umav\u011b skute\u010dn\u011b v\u00fdjime\u010dn\u00fdm, je ubytov\u00e1n\u00ed v n\u00e1dhern\u00fdch <strong>apartm\u00e1nech Sch\u00f6neben<\/strong>.<\/p>\n\n<p><a href=\"https:\/\/www.schoeneben.at\/cs\/\">Apartm\u00e1ny Sch\u00f6neben<\/a> jsou synonymem kvality, pohodl\u00ed a klidu \u0160umavy. Nab\u00edzej\u00ed modern\u011b vybaven\u00e9 ubytov\u00e1n\u00ed, kter\u00e9 harmonicky lad\u00ed s okoln\u00ed p\u0159\u00edrodou a nab\u00edz\u00ed \u00fachvatn\u00fd v\u00fdhled na okoln\u00ed krajinu. Po dni pln\u00e9m pozn\u00e1v\u00e1n\u00ed si m\u016f\u017eete odpo\u010dinout v \u00fatuln\u00e9m prost\u0159ed\u00ed vlastn\u00edho pr\u00e1zdninov\u00e9ho apartm\u00e1nu.<\/p>\n\n<p>Pro v\u011bt\u0161\u00ed rodiny nebo skupiny nab\u00edz\u00ed rekrea\u010dn\u00ed apartm\u00e1ny <a href=\"https:\/\/www.schoeneben.at\/cs\/rekreacni-apartman\/\">Sch\u00f6neben<\/a> ide\u00e1ln\u00ed \u0159e\u0161en\u00ed. Je prostorn\u00fd, pohodln\u00fd a vybaven\u00fd ve\u0161ker\u00fdm pot\u0159ebn\u00fdm za\u0159\u00edzen\u00edm pro bezstarostn\u00fd pobyt. Zde m\u016f\u017eete za\u010d\u00edt den vlastn\u00edm tempem a zakon\u010dit ho v soukrom\u00ed vlastn\u00edho ubytov\u00e1n\u00ed.<\/p>\n\n<p><a href=\"https:\/\/www.schoeneben.at\/cs\/rezervovat\/\">Rezervace ubytov\u00e1n\u00ed<\/a> je snadn\u00e1 a bezstarostn\u00e1 d\u00edky z\u00e1ruce nejlep\u0161\u00ed ceny. M\u016f\u017eete si b\u00fdt jisti, \u017ee za sv\u00e9 ubytov\u00e1n\u00ed dostanete nejlep\u0161\u00ed dostupnou cenu. Krom\u011b toho je v\u00e1m k dispozici p\u0159\u00e1telsk\u00fd a ochotn\u00fd majitel Apartm\u00e1n\u016f Sch\u00f6neben, kter\u00fd zodpov\u00ed v\u0161echny va\u0161e dotazy a zajist\u00ed, aby byl v\u00e1\u0161 pobyt co nejp\u0159\u00edjemn\u011bj\u0161\u00ed.<\/p>\n\n<p><strong>Apartm\u00e1ny Sch\u00f6neben<\/strong> se nach\u00e1zej\u00ed na kraji lesa, tak\u017ee si m\u016f\u017eete naplno u\u017e\u00edvat kr\u00e1sy a rozmanitost \u0160umavy. A\u0165 u\u017e se chcete v\u011bnovat p\u011b\u0161\u00ed turistice, cyklistice, pozn\u00e1v\u00e1n\u00ed m\u00edstn\u00ed kultury nebo se jen kochat \u00fachvatnou p\u0159\u00edrodou, nikdy nebudete daleko od sv\u00e9ho dal\u0161\u00edho dobrodru\u017estv\u00ed. Dal\u0161\u00ed informace o p\u0159esn\u00fdch m\u00edstech a o tom, jak se k n\u00e1m dostanete, najdete na str\u00e1nce s <a href=\"https:\/\/www.schoeneben.at\/cs\/kontakt\/\">kontakty a mapou<\/a>.<\/p>\n\n<p>Pro\u017eijte <strong>letn\u00ed dovolenou na \u0160umav\u011b<\/strong> a poznejte neopakovatelnou kr\u00e1su tohoto kraje. V apartm\u00e1nech Sch\u00f6neben za\u017eijete dovolenou, kter\u00e1 dokonale spojuje pohodl\u00ed a z\u00e1\u017eitky z p\u0159\u00edrody. Rezervujte si sv\u016fj pobyt je\u0161t\u011b dnes a t\u011b\u0161te se na dovolenou, kter\u00e1 v\u00e1s nadchne.<\/p>\n\t\t\t\t\t\t\t\t<\/div>\n\t\t\t\t<\/div>\n\t\t\t\t\t<\/div>\n\t\t<\/div>\n\t\t\t\t<div class=\"elementor-column elementor-col-33 elementor-inner-column elementor-element elementor-element-35174b71 elementor-hidden-mobile\" data-id=\"35174b71\" data-element_type=\"column\">\n\t\t\t<div class=\"elementor-widget-wrap elementor-element-populated\">\n\t\t\t\t\t\t<div class=\"elementor-element elementor-element-3c43ef9 elementor-widget elementor-widget-image\" data-id=\"3c43ef9\" data-element_type=\"widget\" data-widget_type=\"image.default\">\n\t\t\t\t<div class=\"elementor-widget-container\">\n\t\t\t\t\t\t\t\t\t\t\t\t\t\t\t<img fetchpriority=\"high\" decoding=\"async\" width=\"683\" height=\"1024\" src=\"https:\/\/www.schoeneben.at\/wp-content\/uploads\/2023\/04\/bike-1-683x1024.jpg\" class=\"attachment-large size-large wp-image-1074\" alt=\"\" srcset=\"https:\/\/www.schoeneben.at\/wp-content\/uploads\/2023\/04\/bike-1-683x1024.jpg 683w, https:\/\/www.schoeneben.at\/wp-content\/uploads\/2023\/04\/bike-1-200x300.jpg 200w, https:\/\/www.schoeneben.at\/wp-content\/uploads\/2023\/04\/bike-1.jpg 709w\" sizes=\"(max-width: 683px) 100vw, 683px\" \/>\t\t\t\t\t\t\t\t\t\t\t\t\t\t\t<\/div>\n\t\t\t\t<\/div>\n\t\t\t\t\t<\/div>\n\t\t<\/div>\n\t\t\t\t\t<\/div>\n\t\t<\/section>\n\t\t\t\t\t<\/div>\n\t\t<\/div>\n\t\t\t\t\t<\/div>\n\t\t<\/section>\n\t\t\t\t<\/div>\n\t\t","protected":false},"excerpt":{"rendered":"<p>U\u017eijte si Ap\u00e1rm\u00e1ny na \u0160umav\u011b Letn\u00ed dovolen\u00e1 na \u0160umav\u011b je nezapomenuteln\u00fdm z\u00e1\u017eitkem, kter\u00fd v\u00e1s vt\u00e1hne do dechberouc\u00ed kr\u00e1sy p\u0159\u00edrody. Region nab\u00edz\u00ed \u0159adu aktivit a pam\u00e1tek, d\u00edky nim\u017e je ka\u017ed\u00fd den nov\u00fdm dobrodru\u017estv\u00edm. Co v\u0161ak d\u011bl\u00e1 v\u00e1\u0161 pobyt na \u0160umav\u011b skute\u010dn\u011b v\u00fdjime\u010dn\u00fdm, je ubytov\u00e1n\u00ed v n\u00e1dhern\u00fdch apartm\u00e1nech Sch\u00f6neben. Apartm\u00e1ny Sch\u00f6neben jsou synonymem kvality, pohodl\u00ed a klidu [&hellip;]<\/p>\n","protected":false},"author":1,"featured_media":0,"parent":0,"menu_order":0,"comment_status":"closed","ping_status":"closed","template":"elementor_header_footer","meta":{"footnotes":""},"class_list":["post-1303","page","type-page","status-publish","hentry"],"_links":{"self":[{"href":"https:\/\/www.schoeneben.at\/cs\/wp-json\/wp\/v2\/pages\/1303","targetHints":{"allow":["GET"]}}],"collection":[{"href":"https:\/\/www.schoeneben.at\/cs\/wp-json\/wp\/v2\/pages"}],"about":[{"href":"https:\/\/www.schoeneben.at\/cs\/wp-json\/wp\/v2\/types\/page"}],"author":[{"embeddable":true,"href":"https:\/\/www.schoeneben.at\/cs\/wp-json\/wp\/v2\/users\/1"}],"replies":[{"embeddable":true,"href":"https:\/\/www.schoeneben.at\/cs\/wp-json\/wp\/v2\/comments?post=1303"}],"version-history":[{"count":17,"href":"https:\/\/www.schoeneben.at\/cs\/wp-json\/wp\/v2\/pages\/1303\/revisions"}],"predecessor-version":[{"id":3181,"href":"https:\/\/www.schoeneben.at\/cs\/wp-json\/wp\/v2\/pages\/1303\/revisions\/3181"}],"wp:attachment":[{"href":"https:\/\/www.schoeneben.at\/cs\/wp-json\/wp\/v2\/media?parent=1303"}],"curies":[{"name":"wp","href":"https:\/\/api.w.org\/{rel}","templated":true}]}}